{"id":6359,"date":"2025-11-08T10:48:11","date_gmt":"2025-11-08T08:48:11","guid":{"rendered":"https:\/\/granjaescuelamallorca.com\/?post_type=product&#038;p=6359"},"modified":"2026-01-13T14:29:01","modified_gmt":"2026-01-13T12:29:01","slug":"lunch-for-5-days-1400-1500","status":"publish","type":"product","link":"https:\/\/granjaescuelamallorca.com\/en\/producto\/campus-february-26\/lunch-for-5-days-1400-1500\/","title":{"rendered":"Lunch for 5 Days  14:00\u201315:00"},"content":{"rendered":"<p>Educational day<\/p>\n","protected":false},"excerpt":{"rendered":"<p>Educational day<\/p>\n","protected":false},"featured_media":6419,"template":"","meta":{"inline_featured_image":false,"_joinchat":[]},"product_cat":[1178],"product_tag":[],"mwb_booking_cost":[],"mwb_booking_service":[],"yoast_head":"<!-- This site is optimized with the Yoast SEO plugin v21.9.1 - https:\/\/yoast.com\/wordpress\/plugins\/seo\/ -->\n<title>Lunch for 5 Days 14:00\u201315:00 - Granja Escuela Finca S\u00b4illa para ni\u00f1os en Palma de Mallorca<\/title>\n<meta name=\"description\" content=\"Tras el \u00e9xito de los Campus del a\u00f1o pasado, este a\u00f1o tambi\u00e9n tendremos Campus, donde ofrecemos todo un mundo de experiencias en plena naturaleza. Una propuesta id\u00f3nea para disfrutar unos d\u00edas diferentes, acerc\u00e1ndonos a la naturaleza, al mundo rural y a la Educaci\u00f3n ambiental. En todas las actividades pondr\u00e1n en pr\u00e1ctica la convivencia, la participaci\u00f3n y la cooperaci\u00f3n con los compa\u00f1eros\/as, reforzando la autonom\u00eda, responsabilidad, aspectos cognitivos, motores, afectivos y sociales.Conocer\u00e1n y cuidar\u00e1n a los animales de la granja, entre otras actividades.\" \/>\n<meta name=\"robots\" content=\"index, follow, max-snippet:-1, max-image-preview:large, max-video-preview:-1\" \/>\n<link rel=\"canonical\" href=\"https:\/\/granjaescuelamallorca.com\/en\/producto\/campus-february-26\/lunch-for-5-days-1400-1500\/\" \/>\n<meta property=\"og:locale\" content=\"en_US\" \/>\n<meta property=\"og:type\" content=\"article\" \/>\n<meta property=\"og:title\" content=\"Lunch for 5 Days 14:00\u201315:00 - Granja Escuela Finca S\u00b4illa para ni\u00f1os en Palma de Mallorca\" \/>\n<meta property=\"og:description\" content=\"Tras el \u00e9xito de los Campus del a\u00f1o pasado, este a\u00f1o tambi\u00e9n tendremos Campus, donde ofrecemos todo un mundo de experiencias en plena naturaleza. Una propuesta id\u00f3nea para disfrutar unos d\u00edas diferentes, acerc\u00e1ndonos a la naturaleza, al mundo rural y a la Educaci\u00f3n ambiental. En todas las actividades pondr\u00e1n en pr\u00e1ctica la convivencia, la participaci\u00f3n y la cooperaci\u00f3n con los compa\u00f1eros\/as, reforzando la autonom\u00eda, responsabilidad, aspectos cognitivos, motores, afectivos y sociales.Conocer\u00e1n y cuidar\u00e1n a los animales de la granja, entre otras actividades.\" \/>\n<meta property=\"og:url\" content=\"https:\/\/granjaescuelamallorca.com\/en\/producto\/campus-february-26\/lunch-for-5-days-1400-1500\/\" \/>\n<meta property=\"og:site_name\" content=\"Granja Escuela Finca S\u00b4illa para ni\u00f1os en Palma de Mallorca\" \/>\n<meta property=\"article:publisher\" content=\"https:\/\/www.facebook.com\/hipicamallorca\" \/>\n<meta property=\"article:modified_time\" content=\"2026-01-13T12:29:01+00:00\" \/>\n<meta property=\"og:image\" content=\"https:\/\/granjaescuelamallorca.com\/wp-content\/uploads\/2026\/01\/Copia-de-Post-cuadrado-instagram-halloween-infantil-naranja-5.png\" \/>\n\t<meta property=\"og:image:width\" content=\"1080\" \/>\n\t<meta property=\"og:image:height\" content=\"1080\" \/>\n\t<meta property=\"og:image:type\" content=\"image\/png\" \/>\n<meta name=\"twitter:card\" content=\"summary_large_image\" \/>\n<meta name=\"twitter:label1\" content=\"Est. reading time\" \/>\n\t<meta name=\"twitter:data1\" content=\"1 minute\" \/>\n<script type=\"application\/ld+json\" class=\"yoast-schema-graph\">{\"@context\":\"https:\/\/schema.org\",\"@graph\":[{\"@type\":\"WebPage\",\"@id\":\"https:\/\/granjaescuelamallorca.com\/en\/producto\/campus-february-26\/lunch-for-5-days-1400-1500\/\",\"url\":\"https:\/\/granjaescuelamallorca.com\/en\/producto\/campus-february-26\/lunch-for-5-days-1400-1500\/\",\"name\":\"Lunch for 5 Days 14:00\u201315:00 - Granja Escuela Finca S\u00b4illa para ni\u00f1os en Palma de Mallorca\",\"isPartOf\":{\"@id\":\"https:\/\/granjaescuelamallorca.com\/#website\"},\"datePublished\":\"2025-11-08T08:48:11+00:00\",\"dateModified\":\"2026-01-13T12:29:01+00:00\",\"description\":\"Tras el \u00e9xito de los Campus del a\u00f1o pasado, este a\u00f1o tambi\u00e9n tendremos Campus, donde ofrecemos todo un mundo de experiencias en plena naturaleza. Una propuesta id\u00f3nea para disfrutar unos d\u00edas diferentes, acerc\u00e1ndonos a la naturaleza, al mundo rural y a la Educaci\u00f3n ambiental. En todas las actividades pondr\u00e1n en pr\u00e1ctica la convivencia, la participaci\u00f3n y la cooperaci\u00f3n con los compa\u00f1eros\/as, reforzando la autonom\u00eda, responsabilidad, aspectos cognitivos, motores, afectivos y sociales.Conocer\u00e1n y cuidar\u00e1n a los animales de la granja, entre otras actividades.\",\"breadcrumb\":{\"@id\":\"https:\/\/granjaescuelamallorca.com\/en\/producto\/campus-february-26\/lunch-for-5-days-1400-1500\/#breadcrumb\"},\"inLanguage\":\"en-US\",\"potentialAction\":[{\"@type\":\"ReadAction\",\"target\":[\"https:\/\/granjaescuelamallorca.com\/en\/producto\/campus-february-26\/lunch-for-5-days-1400-1500\/\"]}]},{\"@type\":\"BreadcrumbList\",\"@id\":\"https:\/\/granjaescuelamallorca.com\/en\/producto\/campus-february-26\/lunch-for-5-days-1400-1500\/#breadcrumb\",\"itemListElement\":[{\"@type\":\"ListItem\",\"position\":1,\"name\":\"Portada\",\"item\":\"https:\/\/granjaescuelamallorca.com\/en\/\"},{\"@type\":\"ListItem\",\"position\":2,\"name\":\"Shop\",\"item\":\"https:\/\/granjaescuelamallorca.com\/en\/shop\/\"},{\"@type\":\"ListItem\",\"position\":3,\"name\":\"Lunch for 5 Days 14:00\u201315:00\"}]},{\"@type\":\"WebSite\",\"@id\":\"https:\/\/granjaescuelamallorca.com\/#website\",\"url\":\"https:\/\/granjaescuelamallorca.com\/\",\"name\":\"Granja Escuela Finca S\u00b4illa para ni\u00f1os en Palma de Mallorca\",\"description\":\"Granja escuela con actividades para colegios, familias, campus para ni\u00f1os, descubre nuestras instalaciones y actividades en plena naturaleza.\",\"publisher\":{\"@id\":\"https:\/\/granjaescuelamallorca.com\/#organization\"},\"potentialAction\":[{\"@type\":\"SearchAction\",\"target\":{\"@type\":\"EntryPoint\",\"urlTemplate\":\"https:\/\/granjaescuelamallorca.com\/?s={search_term_string}\"},\"query-input\":\"required name=search_term_string\"}],\"inLanguage\":\"en-US\"},{\"@type\":\"Organization\",\"@id\":\"https:\/\/granjaescuelamallorca.com\/#organization\",\"name\":\"Granja Escuela Finca S\u00b4illa para ni\u00f1os en Palma de Mallorca\",\"url\":\"https:\/\/granjaescuelamallorca.com\/\",\"logo\":{\"@type\":\"ImageObject\",\"inLanguage\":\"en-US\",\"@id\":\"https:\/\/granjaescuelamallorca.com\/#\/schema\/logo\/image\/\",\"url\":\"http:\/\/granjaescuelamallorca.com\/wp-content\/uploads\/2021\/11\/cropped-Logo_Hipica_Mallorca_Finca_Silla_Favicom.png\",\"contentUrl\":\"http:\/\/granjaescuelamallorca.com\/wp-content\/uploads\/2021\/11\/cropped-Logo_Hipica_Mallorca_Finca_Silla_Favicom.png\",\"width\":512,\"height\":512,\"caption\":\"Granja Escuela Finca S\u00b4illa para ni\u00f1os en Palma de Mallorca\"},\"image\":{\"@id\":\"https:\/\/granjaescuelamallorca.com\/#\/schema\/logo\/image\/\"},\"sameAs\":[\"https:\/\/www.facebook.com\/hipicamallorca\",\"https:\/\/instagram.com\/hipicamallorca\"]}]}<\/script>\n<!-- \/ Yoast SEO plugin. -->","yoast_head_json":{"title":"Lunch for 5 Days 14:00\u201315:00 - Granja Escuela Finca S\u00b4illa para ni\u00f1os en Palma de Mallorca","description":"Tras el \u00e9xito de los Campus del a\u00f1o pasado, este a\u00f1o tambi\u00e9n tendremos Campus, donde ofrecemos todo un mundo de experiencias en plena naturaleza. Una propuesta id\u00f3nea para disfrutar unos d\u00edas diferentes, acerc\u00e1ndonos a la naturaleza, al mundo rural y a la Educaci\u00f3n ambiental. En todas las actividades pondr\u00e1n en pr\u00e1ctica la convivencia, la participaci\u00f3n y la cooperaci\u00f3n con los compa\u00f1eros\/as, reforzando la autonom\u00eda, responsabilidad, aspectos cognitivos, motores, afectivos y sociales.Conocer\u00e1n y cuidar\u00e1n a los animales de la granja, entre otras actividades.","robots":{"index":"index","follow":"follow","max-snippet":"max-snippet:-1","max-image-preview":"max-image-preview:large","max-video-preview":"max-video-preview:-1"},"canonical":"https:\/\/granjaescuelamallorca.com\/en\/producto\/campus-february-26\/lunch-for-5-days-1400-1500\/","og_locale":"en_US","og_type":"article","og_title":"Lunch for 5 Days 14:00\u201315:00 - Granja Escuela Finca S\u00b4illa para ni\u00f1os en Palma de Mallorca","og_description":"Tras el \u00e9xito de los Campus del a\u00f1o pasado, este a\u00f1o tambi\u00e9n tendremos Campus, donde ofrecemos todo un mundo de experiencias en plena naturaleza. Una propuesta id\u00f3nea para disfrutar unos d\u00edas diferentes, acerc\u00e1ndonos a la naturaleza, al mundo rural y a la Educaci\u00f3n ambiental. En todas las actividades pondr\u00e1n en pr\u00e1ctica la convivencia, la participaci\u00f3n y la cooperaci\u00f3n con los compa\u00f1eros\/as, reforzando la autonom\u00eda, responsabilidad, aspectos cognitivos, motores, afectivos y sociales.Conocer\u00e1n y cuidar\u00e1n a los animales de la granja, entre otras actividades.","og_url":"https:\/\/granjaescuelamallorca.com\/en\/producto\/campus-february-26\/lunch-for-5-days-1400-1500\/","og_site_name":"Granja Escuela Finca S\u00b4illa para ni\u00f1os en Palma de Mallorca","article_publisher":"https:\/\/www.facebook.com\/hipicamallorca","article_modified_time":"2026-01-13T12:29:01+00:00","og_image":[{"width":1080,"height":1080,"url":"https:\/\/granjaescuelamallorca.com\/wp-content\/uploads\/2026\/01\/Copia-de-Post-cuadrado-instagram-halloween-infantil-naranja-5.png","type":"image\/png"}],"twitter_card":"summary_large_image","twitter_misc":{"Est. reading time":"1 minute"},"schema":{"@context":"https:\/\/schema.org","@graph":[{"@type":"WebPage","@id":"https:\/\/granjaescuelamallorca.com\/en\/producto\/campus-february-26\/lunch-for-5-days-1400-1500\/","url":"https:\/\/granjaescuelamallorca.com\/en\/producto\/campus-february-26\/lunch-for-5-days-1400-1500\/","name":"Lunch for 5 Days 14:00\u201315:00 - Granja Escuela Finca S\u00b4illa para ni\u00f1os en Palma de Mallorca","isPartOf":{"@id":"https:\/\/granjaescuelamallorca.com\/#website"},"datePublished":"2025-11-08T08:48:11+00:00","dateModified":"2026-01-13T12:29:01+00:00","description":"Tras el \u00e9xito de los Campus del a\u00f1o pasado, este a\u00f1o tambi\u00e9n tendremos Campus, donde ofrecemos todo un mundo de experiencias en plena naturaleza. Una propuesta id\u00f3nea para disfrutar unos d\u00edas diferentes, acerc\u00e1ndonos a la naturaleza, al mundo rural y a la Educaci\u00f3n ambiental. En todas las actividades pondr\u00e1n en pr\u00e1ctica la convivencia, la participaci\u00f3n y la cooperaci\u00f3n con los compa\u00f1eros\/as, reforzando la autonom\u00eda, responsabilidad, aspectos cognitivos, motores, afectivos y sociales.Conocer\u00e1n y cuidar\u00e1n a los animales de la granja, entre otras actividades.","breadcrumb":{"@id":"https:\/\/granjaescuelamallorca.com\/en\/producto\/campus-february-26\/lunch-for-5-days-1400-1500\/#breadcrumb"},"inLanguage":"en-US","potentialAction":[{"@type":"ReadAction","target":["https:\/\/granjaescuelamallorca.com\/en\/producto\/campus-february-26\/lunch-for-5-days-1400-1500\/"]}]},{"@type":"BreadcrumbList","@id":"https:\/\/granjaescuelamallorca.com\/en\/producto\/campus-february-26\/lunch-for-5-days-1400-1500\/#breadcrumb","itemListElement":[{"@type":"ListItem","position":1,"name":"Portada","item":"https:\/\/granjaescuelamallorca.com\/en\/"},{"@type":"ListItem","position":2,"name":"Shop","item":"https:\/\/granjaescuelamallorca.com\/en\/shop\/"},{"@type":"ListItem","position":3,"name":"Lunch for 5 Days 14:00\u201315:00"}]},{"@type":"WebSite","@id":"https:\/\/granjaescuelamallorca.com\/#website","url":"https:\/\/granjaescuelamallorca.com\/","name":"Granja Escuela Finca S\u00b4illa para ni\u00f1os en Palma de Mallorca","description":"Granja escuela con actividades para colegios, familias, campus para ni\u00f1os, descubre nuestras instalaciones y actividades en plena naturaleza.","publisher":{"@id":"https:\/\/granjaescuelamallorca.com\/#organization"},"potentialAction":[{"@type":"SearchAction","target":{"@type":"EntryPoint","urlTemplate":"https:\/\/granjaescuelamallorca.com\/?s={search_term_string}"},"query-input":"required name=search_term_string"}],"inLanguage":"en-US"},{"@type":"Organization","@id":"https:\/\/granjaescuelamallorca.com\/#organization","name":"Granja Escuela Finca S\u00b4illa para ni\u00f1os en Palma de Mallorca","url":"https:\/\/granjaescuelamallorca.com\/","logo":{"@type":"ImageObject","inLanguage":"en-US","@id":"https:\/\/granjaescuelamallorca.com\/#\/schema\/logo\/image\/","url":"http:\/\/granjaescuelamallorca.com\/wp-content\/uploads\/2021\/11\/cropped-Logo_Hipica_Mallorca_Finca_Silla_Favicom.png","contentUrl":"http:\/\/granjaescuelamallorca.com\/wp-content\/uploads\/2021\/11\/cropped-Logo_Hipica_Mallorca_Finca_Silla_Favicom.png","width":512,"height":512,"caption":"Granja Escuela Finca S\u00b4illa para ni\u00f1os en Palma de Mallorca"},"image":{"@id":"https:\/\/granjaescuelamallorca.com\/#\/schema\/logo\/image\/"},"sameAs":["https:\/\/www.facebook.com\/hipicamallorca","https:\/\/instagram.com\/hipicamallorca"]}]}},"publishpress_future_action":{"enabled":false,"date":"2026-04-26 13:09:16","action":"draft","terms":[],"taxonomy":"product_cat"},"_links":{"self":[{"href":"https:\/\/granjaescuelamallorca.com\/en\/wp-json\/wp\/v2\/product\/6359"}],"collection":[{"href":"https:\/\/granjaescuelamallorca.com\/en\/wp-json\/wp\/v2\/product"}],"about":[{"href":"https:\/\/granjaescuelamallorca.com\/en\/wp-json\/wp\/v2\/types\/product"}],"wp:featuredmedia":[{"embeddable":true,"href":"https:\/\/granjaescuelamallorca.com\/en\/wp-json\/wp\/v2\/media\/6419"}],"wp:attachment":[{"href":"https:\/\/granjaescuelamallorca.com\/en\/wp-json\/wp\/v2\/media?parent=6359"}],"wp:term":[{"taxonomy":"product_cat","embeddable":true,"href":"https:\/\/granjaescuelamallorca.com\/en\/wp-json\/wp\/v2\/product_cat?post=6359"},{"taxonomy":"product_tag","embeddable":true,"href":"https:\/\/granjaescuelamallorca.com\/en\/wp-json\/wp\/v2\/product_tag?post=6359"},{"taxonomy":"mwb_booking_cost","embeddable":true,"href":"https:\/\/granjaescuelamallorca.com\/en\/wp-json\/wp\/v2\/mwb_booking_cost?post=6359"},{"taxonomy":"mwb_booking_service","embeddable":true,"href":"https:\/\/granjaescuelamallorca.com\/en\/wp-json\/wp\/v2\/mwb_booking_service?post=6359"}],"curies":[{"name":"wp","href":"https:\/\/api.w.org\/{rel}","templated":true}]}}