{"id":4852,"date":"2023-08-30T10:46:57","date_gmt":"2023-08-30T08:46:57","guid":{"rendered":"https:\/\/granjaescuelamallorca.com\/contacto\/"},"modified":"2024-05-01T10:59:56","modified_gmt":"2024-05-01T08:59:56","slug":"contacte","status":"publish","type":"page","link":"https:\/\/granjaescuelamallorca.com\/ca\/contacte\/","title":{"rendered":"Contacte"},"content":{"rendered":"[vc_row type=&#8221;in_container&#8221; full_screen_row_position=&#8221;middle&#8221; column_margin=&#8221;40px&#8221; equal_height=&#8221;yes&#8221; content_placement=&#8221;top&#8221; column_direction=&#8221;default&#8221; column_direction_tablet=&#8221;default&#8221; column_direction_phone=&#8221;default&#8221; scene_position=&#8221;center&#8221; top_margin=&#8221;2%&#8221; text_color=&#8221;dark&#8221; text_align=&#8221;left&#8221; row_border_radius=&#8221;none&#8221; row_border_radius_applies=&#8221;bg&#8221; overflow=&#8221;visible&#8221; overlay_strength=&#8221;0.3&#8243; gradient_direction=&#8221;left_to_right&#8221; enable_shape_divider=&#8221;true&#8221; shape_divider_color=&#8221;#ffffff&#8221; shape_divider_position=&#8221;bottom&#8221; shape_divider_height=&#8221;300px&#8221; bg_image_animation=&#8221;none&#8221; gradient_type=&#8221;default&#8221; shape_type=&#8221;mountains&#8221;][vc_column column_padding=&#8221;no-extra-padding&#8221; column_padding_tablet=&#8221;inherit&#8221; column_padding_phone=&#8221;inherit&#8221; column_padding_position=&#8221;all&#8221; column_element_direction_desktop=&#8221;default&#8221; column_element_spacing=&#8221;default&#8221; desktop_text_alignment=&#8221;default&#8221; tablet_text_alignment=&#8221;default&#8221; phone_text_alignment=&#8221;default&#8221; background_color_opacity=&#8221;1&#8243; background_hover_color_opacity=&#8221;1&#8243; column_backdrop_filter=&#8221;none&#8221; column_shadow=&#8221;none&#8221; column_border_radius=&#8221;none&#8221; column_link_target=&#8221;_self&#8221; column_position=&#8221;default&#8221; gradient_direction=&#8221;left_to_right&#8221; overlay_strength=&#8221;0.3&#8243; width=&#8221;1\/2&#8243; tablet_width_inherit=&#8221;default&#8221; animation_type=&#8221;default&#8221; bg_image_animation=&#8221;none&#8221; border_type=&#8221;simple&#8221; column_border_width=&#8221;none&#8221; column_border_style=&#8221;solid&#8221;][image_with_animation image_url=&#8221;72&#8243; image_size=&#8221;full&#8221; animation_type=&#8221;entrance&#8221; animation=&#8221;None&#8221; animation_movement_type=&#8221;transform_y&#8221; hover_animation=&#8221;none&#8221; alignment=&#8221;&#8221; border_radius=&#8221;15px&#8221; box_shadow=&#8221;small_depth&#8221; image_loading=&#8221;default&#8221; max_width=&#8221;100%&#8221; max_width_mobile=&#8221;default&#8221;][\/vc_column][vc_column column_padding=&#8221;no-extra-padding&#8221; column_padding_tablet=&#8221;inherit&#8221; column_padding_phone=&#8221;inherit&#8221; column_padding_position=&#8221;all&#8221; column_element_direction_desktop=&#8221;default&#8221; column_element_spacing=&#8221;default&#8221; desktop_text_alignment=&#8221;default&#8221; tablet_text_alignment=&#8221;default&#8221; phone_text_alignment=&#8221;default&#8221; background_color_opacity=&#8221;1&#8243; background_hover_color_opacity=&#8221;1&#8243; column_backdrop_filter=&#8221;none&#8221; column_shadow=&#8221;none&#8221; column_border_radius=&#8221;none&#8221; column_link_target=&#8221;_self&#8221; column_position=&#8221;default&#8221; gradient_direction=&#8221;left_to_right&#8221; overlay_strength=&#8221;0.3&#8243; width=&#8221;1\/2&#8243; tablet_width_inherit=&#8221;default&#8221; animation_type=&#8221;default&#8221; bg_image_animation=&#8221;none&#8221; border_type=&#8221;simple&#8221; column_border_width=&#8221;none&#8221; column_border_style=&#8221;solid&#8221;][divider line_type=&#8221;No Line&#8221; custom_height=&#8221;40px&#8221; custom_height_tablet=&#8221;40px&#8221; custom_height_phone=&#8221;40px&#8221;][vc_column_text]\n<h2>Contacta amb Finca S&#8217;illa<\/h2>\n<hr \/>\n<p><a href=\"tel:648636150\">Tel. 648 636 150<\/a><br \/>\n<a href=\"mailto:info@hipicamallorca.com\">info@hipicamallorca.com<\/a><\/p>\n<hr \/>\n<p><a href=\"https:\/\/www.google.com\/maps\/place\/Finca+s'Illa\/@39.6376656,2.6829645,17z\/data=!3m1!4b1!4m6!3m5!1s0x1297ed3eb641778f:0x47eb2f3a236fdf61!8m2!3d39.6376657!4d2.6878408!16s%2Fg%2F11l8238xl7?entry=ttu\">Disseminat Distr-2 Secci-4<br \/>\n07141 Palma<br \/>\nIlles Balears, Espa\u00f1a<\/a>[\/vc_column_text][\/vc_column][\/vc_row][vc_row type=&#8221;full_width_content&#8221; full_screen_row_position=&#8221;middle&#8221; column_margin=&#8221;default&#8221; column_direction=&#8221;default&#8221; column_direction_tablet=&#8221;default&#8221; column_direction_phone=&#8221;default&#8221; scene_position=&#8221;center&#8221; top_margin=&#8221;3%&#8221; text_color=&#8221;dark&#8221; text_align=&#8221;left&#8221; row_border_radius=&#8221;none&#8221; row_border_radius_applies=&#8221;bg&#8221; overflow=&#8221;visible&#8221; overlay_strength=&#8221;0.3&#8243; gradient_direction=&#8221;left_to_right&#8221; shape_divider_position=&#8221;bottom&#8221; bg_image_animation=&#8221;none&#8221; gradient_type=&#8221;default&#8221; shape_type=&#8221;&#8221;][vc_column column_padding=&#8221;no-extra-padding&#8221; column_padding_tablet=&#8221;inherit&#8221; column_padding_phone=&#8221;inherit&#8221; column_padding_position=&#8221;all&#8221; column_element_direction_desktop=&#8221;default&#8221; column_element_spacing=&#8221;default&#8221; desktop_text_alignment=&#8221;default&#8221; tablet_text_alignment=&#8221;default&#8221; phone_text_alignment=&#8221;default&#8221; background_color_opacity=&#8221;1&#8243; background_hover_color_opacity=&#8221;1&#8243; column_backdrop_filter=&#8221;none&#8221; column_shadow=&#8221;none&#8221; column_border_radius=&#8221;none&#8221; column_link_target=&#8221;_self&#8221; column_position=&#8221;default&#8221; gradient_direction=&#8221;left_to_right&#8221; overlay_strength=&#8221;0.3&#8243; width=&#8221;1\/1&#8243; tablet_width_inherit=&#8221;default&#8221; animation_type=&#8221;default&#8221; bg_image_animation=&#8221;none&#8221; border_type=&#8221;simple&#8221; column_border_width=&#8221;none&#8221; column_border_style=&#8221;solid&#8221;][vc_raw_html]JTNDaWZyYW1lJTIwc3JjJTNEJTIyaHR0cHMlM0ElMkYlMkZ3d3cuZ29vZ2xlLmNvbSUyRm1hcHMlMkZlbWJlZCUzRnBiJTNEJTIxMW0xNCUyMTFtOCUyMTFtMyUyMTFkMzA3Mi41MzI4MDc1ODc4MjUlMjEyZDIuNjg2OTgyMyUyMTNkMzkuNjM3NzIyJTIxM20yJTIxMWkxMDI0JTIxMmk3NjglMjE0ZjEzLjElMjEzbTMlMjExbTIlMjExczB4MTI5N2VkM2ViNjQxNzc4ZiUyNTNBMHg0N2ViMmYzYTIzNmZkZjYxJTIxMnNGaW5jYSUyNTIwcyUyNiUyMzM5JTNCSWxsYSUyMTVlMCUyMTNtMiUyMTFzZXMlMjEyc2VzJTIxNHYxNjkzOTExNzAwMTY4JTIxNW0yJTIxMXNlcyUyMTJzZXMlMjIlMjB3aWR0aCUzRCUyMjEwMCUyNSUyMiUyMGhlaWdodCUzRCUyMjc1MCUyMiUyMHN0eWxlJTNEJTIyYm9yZGVyJTNBMCUzQiUyMiUyMGFsbG93ZnVsbHNjcmVlbiUzRCUyMiUyMiUyMGxvYWRpbmclM0QlMjJsYXp5JTIyJTIwcmVmZXJyZXJwb2xpY3klM0QlMjJuby1yZWZlcnJlci13aGVuLWRvd25ncmFkZSUyMiUzRSUzQyUyRmlmcmFtZSUzRQ==[\/vc_raw_html][\/vc_column][\/vc_row][vc_row type=&#8221;full_width_content&#8221; full_screen_row_position=&#8221;middle&#8221; column_margin=&#8221;none&#8221; column_direction=&#8221;default&#8221; column_direction_tablet=&#8221;default&#8221; column_direction_phone=&#8221;default&#8221; scene_position=&#8221;center&#8221; top_margin=&#8221;5%&#8221; text_color=&#8221;dark&#8221; text_align=&#8221;left&#8221; row_border_radius=&#8221;none&#8221; row_border_radius_applies=&#8221;bg&#8221; overflow=&#8221;visible&#8221; overlay_strength=&#8221;0.3&#8243; gradient_direction=&#8221;left_to_right&#8221; shape_divider_position=&#8221;bottom&#8221; bg_image_animation=&#8221;none&#8221; gradient_type=&#8221;default&#8221; shape_type=&#8221;&#8221;][vc_column column_padding=&#8221;no-extra-padding&#8221; column_padding_tablet=&#8221;inherit&#8221; column_padding_phone=&#8221;inherit&#8221; column_padding_position=&#8221;all&#8221; column_element_direction_desktop=&#8221;default&#8221; column_element_spacing=&#8221;default&#8221; desktop_text_alignment=&#8221;default&#8221; tablet_text_alignment=&#8221;default&#8221; phone_text_alignment=&#8221;default&#8221; background_color_opacity=&#8221;1&#8243; background_hover_color_opacity=&#8221;1&#8243; column_backdrop_filter=&#8221;none&#8221; column_shadow=&#8221;none&#8221; column_border_radius=&#8221;none&#8221; column_link_target=&#8221;_self&#8221; column_position=&#8221;default&#8221; gradient_direction=&#8221;left_to_right&#8221; overlay_strength=&#8221;0.3&#8243; width=&#8221;1\/1&#8243; tablet_width_inherit=&#8221;default&#8221; animation_type=&#8221;default&#8221; bg_image_animation=&#8221;none&#8221; border_type=&#8221;simple&#8221; column_border_width=&#8221;none&#8221; column_border_style=&#8221;solid&#8221;][image_with_animation image_url=&#8221;2926&#8243; image_size=&#8221;full&#8221; animation_type=&#8221;entrance&#8221; animation=&#8221;None&#8221; animation_movement_type=&#8221;transform_y&#8221; hover_animation=&#8221;none&#8221; alignment=&#8221;&#8221; border_radius=&#8221;15px&#8221; box_shadow=&#8221;none&#8221; image_loading=&#8221;default&#8221; max_width=&#8221;100%&#8221; max_width_mobile=&#8221;default&#8221;][\/vc_column][\/vc_row]\n","protected":false},"excerpt":{"rendered":"<p>[vc_row type=&#8221;in_container&#8221; full_screen_row_position=&#8221;middle&#8221; column_margin=&#8221;40px&#8221; equal_height=&#8221;yes&#8221; content_placement=&#8221;top&#8221; column_direction=&#8221;default&#8221; column_direction_tablet=&#8221;default&#8221; column_direction_phone=&#8221;default&#8221; scene_position=&#8221;center&#8221; top_margin=&#8221;2%&#8221; text_color=&#8221;dark&#8221; text_align=&#8221;left&#8221; row_border_radius=&#8221;none&#8221; row_border_radius_applies=&#8221;bg&#8221; overflow=&#8221;visible&#8221; overlay_strength=&#8221;0.3&#8243; gradient_direction=&#8221;left_to_right&#8221; enable_shape_divider=&#8221;true&#8221; shape_divider_color=&#8221;#ffffff&#8221; shape_divider_position=&#8221;bottom&#8221; shape_divider_height=&#8221;300px&#8221; bg_image_animation=&#8221;none&#8221; gradient_type=&#8221;default&#8221; shape_type=&#8221;mountains&#8221;][vc_column column_padding=&#8221;no-extra-padding&#8221; column_padding_tablet=&#8221;inherit&#8221; column_padding_phone=&#8221;inherit&#8221; column_padding_position=&#8221;all&#8221; column_element_direction_desktop=&#8221;default&#8221;&#8230;<\/p>\n","protected":false},"author":2,"featured_media":0,"parent":0,"menu_order":0,"comment_status":"closed","ping_status":"closed","template":"","meta":{"inline_featured_image":false,"footnotes":"","_joinchat":[]},"yoast_head":"<!-- This site is optimized with the Yoast SEO plugin v21.9.1 - https:\/\/yoast.com\/wordpress\/plugins\/seo\/ -->\n<title>Finca S&#039;illa - Centro de h\u00edpica y granja escuela para ni\u00f1os<\/title>\n<meta name=\"description\" content=\"Finca S\u2019Illa en Mallorca, pupilaje, clases de h\u00edpica, equitaci\u00f3n, campus de verano, granja escuela, huerto, excursiones y visitas escolares.\" \/>\n<meta name=\"robots\" content=\"index, follow, max-snippet:-1, max-image-preview:large, max-video-preview:-1\" \/>\n<link rel=\"canonical\" href=\"https:\/\/granjaescuelamallorca.com\/ca\/contacte\/\" \/>\n<meta property=\"og:locale\" content=\"ca_ES\" \/>\n<meta property=\"og:type\" content=\"article\" \/>\n<meta property=\"og:title\" content=\"Contacte - Centro Ecuestre Familiar\" \/>\n<meta property=\"og:description\" content=\"Finca S\u2019Illa est\u00e1 situada a 15&#039; de Palma de Mallorca. Brindamos servicios de Pupilaje, Clases de Equitaci\u00f3n, Campus, Granja, Coaching y m\u00e1s.\" \/>\n<meta property=\"og:url\" content=\"https:\/\/granjaescuelamallorca.com\/ca\/contacte\/\" \/>\n<meta property=\"og:site_name\" content=\"Granja Escuela Finca S\u00b4illa para ni\u00f1os en Palma de Mallorca\" \/>\n<meta property=\"article:publisher\" content=\"https:\/\/www.facebook.com\/hipicamallorca\" \/>\n<meta property=\"article:modified_time\" content=\"2024-05-01T08:59:56+00:00\" \/>\n<meta name=\"twitter:card\" content=\"summary_large_image\" \/>\n<meta name=\"twitter:title\" content=\"Contacte - Centro Ecuestre Familiar\" \/>\n<meta name=\"twitter:description\" content=\"Finca S\u2019Illa est\u00e1 situada a 15&#039; de Palma de Mallorca. Brindamos servicios de Pupilaje, Clases de Equitaci\u00f3n, Campus, Granja, Coaching y m\u00e1s.\" \/>\n<meta name=\"twitter:label1\" content=\"Temps estimat de lectura\" \/>\n\t<meta name=\"twitter:data1\" content=\"2 minuts\" \/>\n<script type=\"application\/ld+json\" class=\"yoast-schema-graph\">{\"@context\":\"https:\/\/schema.org\",\"@graph\":[{\"@type\":\"WebPage\",\"@id\":\"https:\/\/granjaescuelamallorca.com\/ca\/contacte\/\",\"url\":\"https:\/\/granjaescuelamallorca.com\/ca\/contacte\/\",\"name\":\"Finca S'illa - Centro de h\u00edpica y granja escuela para ni\u00f1os\",\"isPartOf\":{\"@id\":\"https:\/\/granjaescuelamallorca.com\/#website\"},\"datePublished\":\"2023-08-30T08:46:57+00:00\",\"dateModified\":\"2024-05-01T08:59:56+00:00\",\"description\":\"Finca S\u2019Illa en Mallorca, pupilaje, clases de h\u00edpica, equitaci\u00f3n, campus de verano, granja escuela, huerto, excursiones y visitas escolares.\",\"breadcrumb\":{\"@id\":\"https:\/\/granjaescuelamallorca.com\/ca\/contacte\/#breadcrumb\"},\"inLanguage\":\"ca\",\"potentialAction\":[{\"@type\":\"ReadAction\",\"target\":[\"https:\/\/granjaescuelamallorca.com\/ca\/contacte\/\"]}]},{\"@type\":\"BreadcrumbList\",\"@id\":\"https:\/\/granjaescuelamallorca.com\/ca\/contacte\/#breadcrumb\",\"itemListElement\":[{\"@type\":\"ListItem\",\"position\":1,\"name\":\"Portada\",\"item\":\"https:\/\/granjaescuelamallorca.com\/ca\/\"},{\"@type\":\"ListItem\",\"position\":2,\"name\":\"Contacte\"}]},{\"@type\":\"WebSite\",\"@id\":\"https:\/\/granjaescuelamallorca.com\/#website\",\"url\":\"https:\/\/granjaescuelamallorca.com\/\",\"name\":\"Granja Escuela Finca S\u00b4illa para ni\u00f1os en Palma de Mallorca\",\"description\":\"Granja escuela con actividades para colegios, familias, campus para ni\u00f1os, descubre nuestras instalaciones y actividades en plena naturaleza.\",\"publisher\":{\"@id\":\"https:\/\/granjaescuelamallorca.com\/#organization\"},\"potentialAction\":[{\"@type\":\"SearchAction\",\"target\":{\"@type\":\"EntryPoint\",\"urlTemplate\":\"https:\/\/granjaescuelamallorca.com\/?s={search_term_string}\"},\"query-input\":\"required name=search_term_string\"}],\"inLanguage\":\"ca\"},{\"@type\":\"Organization\",\"@id\":\"https:\/\/granjaescuelamallorca.com\/#organization\",\"name\":\"Granja Escuela Finca S\u00b4illa para ni\u00f1os en Palma de Mallorca\",\"url\":\"https:\/\/granjaescuelamallorca.com\/\",\"logo\":{\"@type\":\"ImageObject\",\"inLanguage\":\"ca\",\"@id\":\"https:\/\/granjaescuelamallorca.com\/#\/schema\/logo\/image\/\",\"url\":\"http:\/\/granjaescuelamallorca.com\/wp-content\/uploads\/2021\/11\/cropped-Logo_Hipica_Mallorca_Finca_Silla_Favicom.png\",\"contentUrl\":\"http:\/\/granjaescuelamallorca.com\/wp-content\/uploads\/2021\/11\/cropped-Logo_Hipica_Mallorca_Finca_Silla_Favicom.png\",\"width\":512,\"height\":512,\"caption\":\"Granja Escuela Finca S\u00b4illa para ni\u00f1os en Palma de Mallorca\"},\"image\":{\"@id\":\"https:\/\/granjaescuelamallorca.com\/#\/schema\/logo\/image\/\"},\"sameAs\":[\"https:\/\/www.facebook.com\/hipicamallorca\",\"https:\/\/instagram.com\/hipicamallorca\"]}]}<\/script>\n<!-- \/ Yoast SEO plugin. -->","yoast_head_json":{"title":"Finca S'illa - Centro de h\u00edpica y granja escuela para ni\u00f1os","description":"Finca S\u2019Illa en Mallorca, pupilaje, clases de h\u00edpica, equitaci\u00f3n, campus de verano, granja escuela, huerto, excursiones y visitas escolares.","robots":{"index":"index","follow":"follow","max-snippet":"max-snippet:-1","max-image-preview":"max-image-preview:large","max-video-preview":"max-video-preview:-1"},"canonical":"https:\/\/granjaescuelamallorca.com\/ca\/contacte\/","og_locale":"ca_ES","og_type":"article","og_title":"Contacte - Centro Ecuestre Familiar","og_description":"Finca S\u2019Illa est\u00e1 situada a 15' de Palma de Mallorca. Brindamos servicios de Pupilaje, Clases de Equitaci\u00f3n, Campus, Granja, Coaching y m\u00e1s.","og_url":"https:\/\/granjaescuelamallorca.com\/ca\/contacte\/","og_site_name":"Granja Escuela Finca S\u00b4illa para ni\u00f1os en Palma de Mallorca","article_publisher":"https:\/\/www.facebook.com\/hipicamallorca","article_modified_time":"2024-05-01T08:59:56+00:00","twitter_card":"summary_large_image","twitter_title":"Contacte - Centro Ecuestre Familiar","twitter_description":"Finca S\u2019Illa est\u00e1 situada a 15' de Palma de Mallorca. Brindamos servicios de Pupilaje, Clases de Equitaci\u00f3n, Campus, Granja, Coaching y m\u00e1s.","twitter_misc":{"Temps estimat de lectura":"2 minuts"},"schema":{"@context":"https:\/\/schema.org","@graph":[{"@type":"WebPage","@id":"https:\/\/granjaescuelamallorca.com\/ca\/contacte\/","url":"https:\/\/granjaescuelamallorca.com\/ca\/contacte\/","name":"Finca S'illa - Centro de h\u00edpica y granja escuela para ni\u00f1os","isPartOf":{"@id":"https:\/\/granjaescuelamallorca.com\/#website"},"datePublished":"2023-08-30T08:46:57+00:00","dateModified":"2024-05-01T08:59:56+00:00","description":"Finca S\u2019Illa en Mallorca, pupilaje, clases de h\u00edpica, equitaci\u00f3n, campus de verano, granja escuela, huerto, excursiones y visitas escolares.","breadcrumb":{"@id":"https:\/\/granjaescuelamallorca.com\/ca\/contacte\/#breadcrumb"},"inLanguage":"ca","potentialAction":[{"@type":"ReadAction","target":["https:\/\/granjaescuelamallorca.com\/ca\/contacte\/"]}]},{"@type":"BreadcrumbList","@id":"https:\/\/granjaescuelamallorca.com\/ca\/contacte\/#breadcrumb","itemListElement":[{"@type":"ListItem","position":1,"name":"Portada","item":"https:\/\/granjaescuelamallorca.com\/ca\/"},{"@type":"ListItem","position":2,"name":"Contacte"}]},{"@type":"WebSite","@id":"https:\/\/granjaescuelamallorca.com\/#website","url":"https:\/\/granjaescuelamallorca.com\/","name":"Granja Escuela Finca S\u00b4illa para ni\u00f1os en Palma de Mallorca","description":"Granja escuela con actividades para colegios, familias, campus para ni\u00f1os, descubre nuestras instalaciones y actividades en plena naturaleza.","publisher":{"@id":"https:\/\/granjaescuelamallorca.com\/#organization"},"potentialAction":[{"@type":"SearchAction","target":{"@type":"EntryPoint","urlTemplate":"https:\/\/granjaescuelamallorca.com\/?s={search_term_string}"},"query-input":"required name=search_term_string"}],"inLanguage":"ca"},{"@type":"Organization","@id":"https:\/\/granjaescuelamallorca.com\/#organization","name":"Granja Escuela Finca S\u00b4illa para ni\u00f1os en Palma de Mallorca","url":"https:\/\/granjaescuelamallorca.com\/","logo":{"@type":"ImageObject","inLanguage":"ca","@id":"https:\/\/granjaescuelamallorca.com\/#\/schema\/logo\/image\/","url":"http:\/\/granjaescuelamallorca.com\/wp-content\/uploads\/2021\/11\/cropped-Logo_Hipica_Mallorca_Finca_Silla_Favicom.png","contentUrl":"http:\/\/granjaescuelamallorca.com\/wp-content\/uploads\/2021\/11\/cropped-Logo_Hipica_Mallorca_Finca_Silla_Favicom.png","width":512,"height":512,"caption":"Granja Escuela Finca S\u00b4illa para ni\u00f1os en Palma de Mallorca"},"image":{"@id":"https:\/\/granjaescuelamallorca.com\/#\/schema\/logo\/image\/"},"sameAs":["https:\/\/www.facebook.com\/hipicamallorca","https:\/\/instagram.com\/hipicamallorca"]}]}},"publishpress_future_action":{"enabled":false,"date":"2026-04-24 08:52:04","action":"draft","terms":[],"taxonomy":"translation_priority"},"_links":{"self":[{"href":"https:\/\/granjaescuelamallorca.com\/ca\/wp-json\/wp\/v2\/pages\/4852"}],"collection":[{"href":"https:\/\/granjaescuelamallorca.com\/ca\/wp-json\/wp\/v2\/pages"}],"about":[{"href":"https:\/\/granjaescuelamallorca.com\/ca\/wp-json\/wp\/v2\/types\/page"}],"author":[{"embeddable":true,"href":"https:\/\/granjaescuelamallorca.com\/ca\/wp-json\/wp\/v2\/users\/2"}],"replies":[{"embeddable":true,"href":"https:\/\/granjaescuelamallorca.com\/ca\/wp-json\/wp\/v2\/comments?post=4852"}],"version-history":[{"count":1,"href":"https:\/\/granjaescuelamallorca.com\/ca\/wp-json\/wp\/v2\/pages\/4852\/revisions"}],"predecessor-version":[{"id":4853,"href":"https:\/\/granjaescuelamallorca.com\/ca\/wp-json\/wp\/v2\/pages\/4852\/revisions\/4853"}],"wp:attachment":[{"href":"https:\/\/granjaescuelamallorca.com\/ca\/wp-json\/wp\/v2\/media?parent=4852"}],"curies":[{"name":"wp","href":"https:\/\/api.w.org\/{rel}","templated":true}]}}